{"id":131,"date":"2020-10-15T10:23:36","date_gmt":"2020-10-15T10:23:36","guid":{"rendered":"https:\/\/aniversare.amtap.md\/?page_id=131"},"modified":"2020-12-07T23:12:48","modified_gmt":"2020-12-07T21:12:48","slug":"scurt-istoric","status":"publish","type":"page","link":"https:\/\/aniversare.amtap.md\/?page_id=131","title":{"rendered":"Scurt istoric"},"content":{"rendered":"\n<p class=\"has-text-align-justify\" style=\"font-size:14px\">Academia de Muzic\u0103, Teatru \u015fi Arte Plastice din Republica Moldova este succesoarea Conservatorului de Stat din Chi\u015fin\u0103u fondat \u00een anul 1940 \u015fi a institu\u0163iilor de \u00eenv\u0103\u0163\u0103m\u00e2nt muzical care \u015fi-au desf\u0103\u015furat activitatea la Chi\u015fin\u0103u \u00eencep\u00e2nd cu anul 1919, c\u00e2nd la ini\u0163iativa lui George Enescu a fost deschis conservatorul&nbsp;<em>Unirea<\/em>.<\/p>\n\n\n\n<p class=\"has-text-align-justify\" style=\"font-size:14px\">Pe parcursul istoriei sale institu\u0163ia \u015fi-a schimbat de mai multe ori denumirea \u015fi structura. Ini\u0163ial la Conservator se f\u0103ceau studii doar \u00een domeniul muzicii. La sf\u00e2r\u015fitul anilor 50 se \u00eenfiin\u0163eaz\u0103 primele grupe de studen\u0163i la specialitatea&nbsp;<em>Actorie<\/em>, \u00een anul 1965, deja \u00een cadrul Institutului de Stat al Artelor (format \u00een baza Conservatorului \u00een 1963), se creeaz\u0103 catedra&nbsp;<em>Regie \u015fi arta actorului<\/em>, iar \u00een anul 1988 \u2013 facultatea Arta Teatral\u0103 (\u00een prezent Art\u0103 Teatral\u0103, Coregrafic\u0103 \u0219i Multimedia). Facultatea Arte Plastice este fondat\u0103 \u00een anul 1984, fiind redenumit\u0103 \u00een Facultatea Arte Plastice, Decorative \u0219i Design \u00een 2017). \u00cen forma ei actual\u0103 Academia de Muzic\u0103, Teatru \u015fi Arte Plastice a fost instituit\u0103 \u00een baza reorganiz\u0103rii Universit\u0103\u0163ii de Stat a Artelor (\u00eenfiin\u0163at prin comasarea Academiei de Muzic\u0103&nbsp;<em>G. Musicescu<\/em>&nbsp;\u015fi a Institutului de Stat al Artelor \u00een 1999) la 1 septembrie 2002.<\/p>\n\n\n\n<p class=\"has-text-align-justify\" style=\"font-size:14px\">\u00cen prezent Academia de Muzic\u0103, Teatru \u015fi Arte Plastice acoper\u0103 toate domeniile de \u00eenv\u0103\u0163\u0103m\u00e2nt artistic universitar, asigur\u00e2nd preg\u0103tirea speciali\u0219tilor la cele trei cicluri Licen\u021b\u0103, Masterat \u0219i Doctorat. AMTAP a fost acreditat\u0103 prima dat\u0103 \u00een iulie 2006, iar \u00een iulie 2009 \u0219i \u00een anul 2014 a ob\u0163inut certificatul de acreditare \u015ftiin\u0163ific\u0103. \u0218coala doctoral\u0103 Studiul Artelor \u0219i Culturologie preg\u0103te\u0219te cadre \u0219tiin\u021bifice la 8 specialit\u0103\u021bi prin programe de doctorat de cercetare \u0219i de crea\u021bie acreditate. \u00cen anul 2020 au fost supuse procedurii de acreditare extern\u0103 22 de programe de studii de licen\u021b\u0103.<\/p>\n\n\n\n<p class=\"has-text-align-justify\" style=\"font-size:14px\">AMTAP dispune de un corp profesoral-didactic format din personalit\u0103\u0163i cunoscute ale muzicii, teatrului, cinematografiei, artelor plastice precum I.&nbsp;Josan, M.&nbsp;Munteanu, L.&nbsp;Panfil, Gh.&nbsp;Mustea, Gh.&nbsp;Ciobanu, I.&nbsp;Matei, N.&nbsp;Cozaru, I.&nbsp;Mahovici, A.&nbsp;Durbal\u0103, I.&nbsp;Cana\u015fin, I.&nbsp;Stepan, A.&nbsp;Col\u00e2bneac, P.&nbsp;Zavtoni, A.&nbsp;Lapicus, V.&nbsp;Druc, I.&nbsp;Cvasniuc, E.&nbsp;Gaju, M.&nbsp;Poait\u0103, M.&nbsp;Fusu \u015f.a.<\/p>\n\n\n\n<p class=\"has-text-align-justify\" style=\"font-size:14px\">\u00cen to\u021bi ace\u0219ti ani noi am preg\u0103tit mai multe genera\u021bii de arti\u015fti care ast\u0103zi activeaz\u0103 cu succes nu doar \u00een \u0163ar\u0103, ci \u015fi departe de hotarele ei, promov\u00e2nd tradi\u0163iile Alma Mater, promov\u00e2nd imaginea \u021b\u0103rii \u015fi f\u0103c\u00e2nd fa\u0163\u0103 concuren\u0163ei. Absolven\u021bii no\u0219tri activeaz\u0103 pe toate meridianele globului \u2013 de la SUA p\u00e2n\u0103 la Australia, de la Rom\u00e2nia p\u00e2n\u0103 la Argentina, duc\u00e2nd faima Republicii Moldova pretutindeni \u00een lume. Doar c\u00e2teva nume: pianistul Alexandru Bondureanschi, profesor universitar, prorector al Conservatorului din Moscova, pianista Aurelia Simion \u2013 prorector la Universitatea Na\u021bional\u0103 de Arte&nbsp;<em>G. Enescu<\/em>&nbsp;din Ia\u0219i, trompetistul Sergiu C\u00e2rstea \u2013 solist-trompetist la Opera din Timi\u0219oara \u0219i profesor la Universitatea de Vest din Timi\u0219oara, violoncelistul Marin Sme\u0219noi \u2013 \u0219ef de partid\u0103 \u00een Orchestra Simfonic\u0103 Radio Stuttgart, violonistul Ilian G\u00e2rne\u021b \u2013 laureat al prestigiosului concurs Regina Elisabeta din Bruxelles, soprana Ina Losi \u2013 solist\u0103 la Metropolitan Opera din New-York, mezzo-soprana Diana Axenti \u2013 solista Operei din Paris, basul Oleg \u021a\u00e2bulico solistul Teatrului Bol\u0219oi din Moscova, designerul Vlad Straticiuc \u2013 laureat al concursului&nbsp;<em>Royal Ascot<\/em>&nbsp; din Marea Britanie, compozitorul Igor Iachimciuc \u2013 profesor la Universitatea din Utah, SUA, compozitoarea Ludmila Chise \u2013 profesoar\u0103 la Universitatea din Texas, soprana Natalia Tanasiiciuc \u2013 solista operei din Zurich.<\/p>\n\n\n\n<p class=\"has-text-align-justify\" style=\"font-size:14px\">Printre absolven\u021bii AMTAP g\u0103sim multe nume care ast\u0103zi definesc peisajul artistic din Republica Moldova: Gheorghe Mustea, Nicolae Botgros, Petre Neam\u021bu, Ghenadie Ciobanu, Marian St\u00e2rcea, Constantin Moscovici, Lidia Panfil, Iurie Matei, Vasile S\u00e2tari, Iurie Mahovici, Ilona Stepan, Vladimir Andrie\u015f, Anatol Lapicus, Nicolae Dohotaru, Iurie G\u00e2sc\u0103, Petru Racovi\u0163\u0103, Andrei Litvinov, Sandu Grecu, Lumini\u021ba \u021a\u00e2cu, Geta Burlacu, Alex Calancea, Cristina \u0219i Alexei Terentiev, Olga Busuioc, Mariana Bulicanu, Igor \u021aurcan, Dumitru C\u00e2rciumaru, Petru Haru\u021ba, Alexandru Ple\u0219ca, Nicoleta Esinencu, Anastasia Homi\u021bcaia, Cristina Pintilie, Veaceslav Sambri\u0219, Daniela Burlaca \u0219i mul\u021bi, mul\u021bi al\u021bii.<\/p>\n\n\n\n<figure class=\"wp-block-embed-youtube wp-block-embed is-type-video is-provider-youtube wp-embed-aspect-16-9 wp-has-aspect-ratio\"><div class=\"wp-block-embed__wrapper\">\n<div class=\"epyt-video-wrapper\"><iframe loading=\"lazy\"  id=\"_ytid_91300\"  width=\"1240\" height=\"698\"  data-origwidth=\"1240\" data-origheight=\"698\"  data-relstop=\"1\" src=\"https:\/\/www.youtube.com\/embed\/CxfHAaB41TA?enablejsapi=1&#038;autoplay=0&#038;cc_load_policy=0&#038;cc_lang_pref=&#038;iv_load_policy=1&#038;loop=0&#038;rel=0&#038;fs=1&#038;playsinline=0&#038;autohide=2&#038;theme=dark&#038;color=red&#038;controls=1&#038;disablekb=0&#038;\" class=\"__youtube_prefs__  epyt-is-override  no-lazyload\" title=\"YouTube player\"  allow=\"fullscreen; accelerometer; autoplay; clipboard-write; encrypted-media; gyroscope; picture-in-picture; web-share\" referrerpolicy=\"strict-origin-when-cross-origin\" allowfullscreen data-no-lazy=\"1\" data-skipgform_ajax_framebjll=\"\"><\/iframe><\/div>\n<\/div><\/figure>\n\n\n\n<figure class=\"wp-block-image size-large\"><img decoding=\"async\" loading=\"lazy\" width=\"1024\" height=\"243\" src=\"https:\/\/aniversare.amtap.md\/wp-content\/uploads\/2020\/10\/t-1024x243.jpg\" alt=\"\" class=\"wp-image-275\"\/><\/figure>\n","protected":false},"excerpt":{"rendered":"<p><!-- wp:paragraph {\"align\":\"justify\",\"style\":{\"typography\":{\"fontSize\":14}}} --><\/p>\n<p class=\"has-text-align-justify\" style=\"font-size:14px\">Academia de Muzic\u0103, Teatru \u015fi Arte Plastice din Republica Moldova este succesoarea Conservatorului de Stat din C&#8230;<\/p>\n","protected":false},"author":2,"featured_media":0,"parent":125,"menu_order":1,"comment_status":"closed","ping_status":"closed","template":"","meta":[],"_links":{"self":[{"href":"https:\/\/aniversare.amtap.md\/index.php?rest_route=\/wp\/v2\/pages\/131"}],"collection":[{"href":"https:\/\/aniversare.amtap.md\/index.php?rest_route=\/wp\/v2\/pages"}],"about":[{"href":"https:\/\/aniversare.amtap.md\/index.php?rest_route=\/wp\/v2\/types\/page"}],"author":[{"embeddable":true,"href":"https:\/\/aniversare.amtap.md\/index.php?rest_route=\/wp\/v2\/users\/2"}],"replies":[{"embeddable":true,"href":"https:\/\/aniversare.amtap.md\/index.php?rest_route=%2Fwp%2Fv2%2Fcomments&post=131"}],"version-history":[{"count":20,"href":"https:\/\/aniversare.amtap.md\/index.php?rest_route=\/wp\/v2\/pages\/131\/revisions"}],"predecessor-version":[{"id":1446,"href":"https:\/\/aniversare.amtap.md\/index.php?rest_route=\/wp\/v2\/pages\/131\/revisions\/1446"}],"up":[{"embeddable":true,"href":"https:\/\/aniversare.amtap.md\/index.php?rest_route=\/wp\/v2\/pages\/125"}],"wp:attachment":[{"href":"https:\/\/aniversare.amtap.md\/index.php?rest_route=%2Fwp%2Fv2%2Fmedia&parent=131"}],"curies":[{"name":"wp","href":"https:\/\/api.w.org\/{rel}","templated":true}]}}